{"id":1066,"date":"2020-05-20T14:05:23","date_gmt":"2020-05-20T12:05:23","guid":{"rendered":"http:\/\/dev.penzion-lesni.cz\/ubytovani\/"},"modified":"2020-06-04T11:01:51","modified_gmt":"2020-06-04T09:01:51","slug":"ubytovani","status":"publish","type":"page","link":"https:\/\/www.penzion-lesni.cz\/en\/ubytovani\/","title":{"rendered":"Ubytov\u00e1n\u00ed"},"content":{"rendered":"<p>[et_pb_section fb_built=&#8221;1&#8243; fullwidth=&#8221;on&#8221; _builder_version=&#8221;4.4.5&#8243; collapsed=&#8221;on&#8221;][et_pb_fullwidth_image src=&#8221;http:\/\/www.penzion-lesni.cz\/wp-content\/uploads\/2020\/05\/top-banner-pokoje.jpg&#8221; title_text=&#8221;top-banner-pokoje&#8221; _builder_version=&#8221;4.4.5&#8243;][\/et_pb_fullwidth_image][\/et_pb_section][et_pb_section fb_built=&#8221;1&#8243; _builder_version=&#8221;4.4.5&#8243; custom_margin=&#8221;0px||0px||false|false&#8221; custom_padding=&#8221;0px||0px||false|false&#8221; collapsed=&#8221;on&#8221;][et_pb_row column_structure=&#8221;1_3,2_3&#8243; _builder_version=&#8221;4.4.5&#8243; custom_margin=&#8221;0px||0px||false|false&#8221; custom_margin_last_edited=&#8221;off|desktop&#8221; custom_padding=&#8221;0px||0px||false|false&#8221;][et_pb_column type=&#8221;1_3&#8243; _builder_version=&#8221;4.4.5&#8243;][et_pb_text disabled_on=&#8221;on|on|on&#8221; _builder_version=&#8221;4.4.5&#8243; disabled=&#8221;on&#8221;][\/et_pb_text][\/et_pb_column][et_pb_column type=&#8221;2_3&#8243; _builder_version=&#8221;4.4.5&#8243;][et_pb_text _builder_version=&#8221;4.4.5&#8243; background_color=&#8221;#A0BF3B&#8221; background_image=&#8221;http:\/\/www.penzion-lesni.cz\/wp-content\/uploads\/2020\/05\/pozadi-zelene-min.jpg&#8221; background_layout=&#8221;dark&#8221; custom_margin=&#8221;-200px||0px||false|false&#8221; custom_margin_tablet=&#8221;0px||||false|false&#8221; custom_margin_phone=&#8221;&#8221; custom_margin_last_edited=&#8221;on|desktop&#8221; custom_padding=&#8221;50px||50px|50px|false|false&#8221; custom_css_after=&#8221;position:absolute;||background:#A0BF3B;||content:&#8221;;||height:100%;||width:2000px;||top:0;||right:-2000px;&#8221;]<\/p>\n<h2>Rooms<\/h2>\n<p>Which do you want to prepare?<\/p>\n<p> <a href=\"\/rezervace\/\" class=\"tlacitko cerne\">Booking<\/a><\/p>\n<p>[\/et_pb_text][\/et_pb_column][\/et_pb_row][\/et_pb_section][et_pb_section fb_built=&#8221;1&#8243; next_background_color=&#8221;#F0F0F0&#8243; admin_label=&#8221;Jednol\u016f\u017ekov\u00fd pokoj&#8221; _builder_version=&#8221;4.4.5&#8243; custom_margin=&#8221;||0px|||&#8221; custom_padding=&#8221;||78px|||&#8221; bottom_divider_style=&#8221;ramp&#8221; collapsed=&#8221;on&#8221;][et_pb_row column_structure=&#8221;1_3,1_3,1_3&#8243; _builder_version=&#8221;4.4.5&#8243;][et_pb_column type=&#8221;1_3&#8243; _builder_version=&#8221;4.4.5&#8243;][et_pb_text _builder_version=&#8221;4.4.5&#8243; text_font_size=&#8221;30px&#8221; text_line_height=&#8221;1.2em&#8221;]<strong>Single room<\/strong>[\/et_pb_text][et_pb_text _builder_version=&#8221;4.4.5&#8243;]<\/p>\n<p>Ideal for individuals.<\/p>\n<p>[\/et_pb_text][et_pb_button button_url=&#8221;@ET-DC@eyJkeW5hbWljIjp0cnVlLCJjb250ZW50IjoicG9zdF9saW5rX3VybF9wYWdlIiwic2V0dGluZ3MiOnsicG9zdF9pZCI6IjU1MyJ9fQ==@&#8221; button_text=&#8221;Detail&#8221; _builder_version=&#8221;4.4.5&#8243; _dynamic_attributes=&#8221;button_url&#8221;][\/et_pb_button][\/et_pb_column][et_pb_column type=&#8221;1_3&#8243; _builder_version=&#8221;4.4.5&#8243;][et_pb_image src=&#8221;http:\/\/www.penzion-lesni.cz\/wp-content\/uploads\/2020\/05\/jednoluzkovy-pokoj-01.jpg&#8221; title_text=&#8221;jednoluzkovy-pokoj-01&#8243; show_in_lightbox=&#8221;on&#8221; module_class=&#8221;obrazek-s-ramem&#8221; _builder_version=&#8221;4.4.5&#8243;][\/et_pb_image][\/et_pb_column][et_pb_column type=&#8221;1_3&#8243; _builder_version=&#8221;4.4.5&#8243;][et_pb_image src=&#8221;http:\/\/www.penzion-lesni.cz\/wp-content\/uploads\/2020\/05\/jednoluzkovy-pokoj-02.jpg&#8221; title_text=&#8221;jednoluzkovy-pokoj-02&#8243; show_in_lightbox=&#8221;on&#8221; disabled_on=&#8221;on|on|off&#8221; module_class=&#8221;obrazek-s-ramem&#8221; _builder_version=&#8221;4.4.5&#8243;][\/et_pb_image][\/et_pb_column][\/et_pb_row][\/et_pb_section][et_pb_section fb_built=&#8221;1&#8243; admin_label=&#8221;Dvoul\u016f\u017ekov\u00fd pokoj&#8221; _builder_version=&#8221;4.4.5&#8243; background_color=&#8221;#F0F0F0&#8243; custom_padding=&#8221;35px|||||&#8221; top_divider_height=&#8221;200px&#8221; bottom_divider_flip=&#8221;vertical&#8221; collapsed=&#8221;on&#8221;][et_pb_row column_structure=&#8221;1_3,1_3,1_3&#8243; _builder_version=&#8221;4.4.5&#8243;][et_pb_column type=&#8221;1_3&#8243; _builder_version=&#8221;4.4.5&#8243;][et_pb_image src=&#8221;http:\/\/www.penzion-lesni.cz\/wp-content\/uploads\/2020\/05\/dvouluzkovy-pokoj-01.jpg&#8221; title_text=&#8221;dvouluzkovy-pokoj-01&#8243; show_in_lightbox=&#8221;on&#8221; module_class=&#8221;obrazek-s-ramem&#8221; _builder_version=&#8221;4.4.5&#8243;][\/et_pb_image][\/et_pb_column][et_pb_column type=&#8221;1_3&#8243; _builder_version=&#8221;4.4.5&#8243;][et_pb_image src=&#8221;http:\/\/www.penzion-lesni.cz\/wp-content\/uploads\/2020\/05\/dvouluzkovy-apartman-02.jpg&#8221; title_text=&#8221;dvouluzkovy-apartman-02&#8243; show_in_lightbox=&#8221;on&#8221; disabled_on=&#8221;on|on|off&#8221; module_class=&#8221;obrazek-s-ramem&#8221; _builder_version=&#8221;4.4.5&#8243; custom_css_main_element_last_edited=&#8221;on|desktop&#8221;][\/et_pb_image][\/et_pb_column][et_pb_column type=&#8221;1_3&#8243; _builder_version=&#8221;4.4.5&#8243;][et_pb_text _builder_version=&#8221;4.4.5&#8243; text_font_size=&#8221;30px&#8221; text_line_height=&#8221;1.2em&#8221;]<\/p>\n<p><strong>Double room<\/strong><br \/> <strong> or apartment<\/strong><\/p>\n<p>[\/et_pb_text][et_pb_text _builder_version=&#8221;4.4.5&#8243;]<\/p>\n<p>Ideal for couples.<\/p>\n<p>[\/et_pb_text][et_pb_button button_url=&#8221;@ET-DC@eyJkeW5hbWljIjp0cnVlLCJjb250ZW50IjoicG9zdF9saW5rX3VybF9wYWdlIiwic2V0dGluZ3MiOnsicG9zdF9pZCI6Ijc3OSJ9fQ==@&#8221; button_text=&#8221;Detail&#8221; _builder_version=&#8221;4.4.5&#8243; _dynamic_attributes=&#8221;button_url&#8221;][\/et_pb_button][\/et_pb_column][\/et_pb_row][\/et_pb_section][et_pb_section fb_built=&#8221;1&#8243; admin_label=&#8221;T\u0159\u00edl\u016f\u017ekov\u00fd pokoj&#8221; _builder_version=&#8221;4.4.5&#8243; custom_padding=&#8221;||38px|||&#8221; collapsed=&#8221;off&#8221;][et_pb_row column_structure=&#8221;1_3,1_3,1_3&#8243; _builder_version=&#8221;4.4.5&#8243;][et_pb_column type=&#8221;1_3&#8243; _builder_version=&#8221;4.4.5&#8243;][et_pb_text _builder_version=&#8221;4.4.5&#8243; text_font_size=&#8221;30px&#8221; text_line_height=&#8221;1.2em&#8221;]<\/p>\n<p><strong>Three-bedded room<\/strong><br \/><strong> or apartment<\/strong><\/p>\n<p>[\/et_pb_text][et_pb_text _builder_version=&#8221;4.4.5&#8243;]<\/p>\n<p>Ideal for family with child. <\/p>\n<p>[\/et_pb_text][et_pb_button button_url=&#8221;@ET-DC@eyJkeW5hbWljIjp0cnVlLCJjb250ZW50IjoicG9zdF9saW5rX3VybF9wYWdlIiwic2V0dGluZ3MiOnsicG9zdF9pZCI6Ijc3NiJ9fQ==@&#8221; button_text=&#8221;Detail&#8221; _builder_version=&#8221;4.4.5&#8243; _dynamic_attributes=&#8221;button_url&#8221;][\/et_pb_button][\/et_pb_column][et_pb_column type=&#8221;1_3&#8243; _builder_version=&#8221;4.4.5&#8243;][et_pb_image src=&#8221;http:\/\/www.penzion-lesni.cz\/wp-content\/uploads\/2020\/05\/triluzkovy-pokoj-01.jpg&#8221; title_text=&#8221;triluzkovy-pokoj-01&#8243; show_in_lightbox=&#8221;on&#8221; module_class=&#8221;obrazek-s-ramem&#8221; _builder_version=&#8221;4.4.5&#8243;][\/et_pb_image][\/et_pb_column][et_pb_column type=&#8221;1_3&#8243; _builder_version=&#8221;4.4.5&#8243;][et_pb_image src=&#8221;http:\/\/www.penzion-lesni.cz\/wp-content\/uploads\/2020\/05\/triluzkovy-apartman-06.jpg&#8221; title_text=&#8221;triluzkovy-apartman-06&#8243; show_in_lightbox=&#8221;on&#8221; align=&#8221;center&#8221; disabled_on=&#8221;on|on|off&#8221; module_class=&#8221;obrazek-s-ramem&#8221; _builder_version=&#8221;4.4.5&#8243;][\/et_pb_image][\/et_pb_column][\/et_pb_row][\/et_pb_section][et_pb_section fb_built=&#8221;1&#8243; prev_background_color=&#8221;#ffffff&#8221; admin_label=&#8221;\u010cty\u0159l\u016f\u017ekov\u00fd pokoj&#8221; _builder_version=&#8221;4.4.5&#8243; background_color=&#8221;#F0F0F0&#8243; custom_padding=&#8221;86px|||||&#8221; top_divider_style=&#8221;ramp&#8221; top_divider_flip=&#8221;vertical|horizontal&#8221; collapsed=&#8221;on&#8221;][et_pb_row column_structure=&#8221;1_3,1_3,1_3&#8243; _builder_version=&#8221;4.4.5&#8243;][et_pb_column type=&#8221;1_3&#8243; _builder_version=&#8221;4.4.5&#8243;][et_pb_image src=&#8221;http:\/\/www.penzion-lesni.cz\/wp-content\/uploads\/2020\/05\/ctyrluzkovy-apartman-02.jpg&#8221; title_text=&#8221;ctyrluzkovy-apartman-02&#8243; show_in_lightbox=&#8221;on&#8221; module_class=&#8221;obrazek-s-ramem&#8221; _builder_version=&#8221;4.4.5&#8243;][\/et_pb_image][\/et_pb_column][et_pb_column type=&#8221;1_3&#8243; _builder_version=&#8221;4.4.5&#8243;][et_pb_image src=&#8221;http:\/\/www.penzion-lesni.cz\/wp-content\/uploads\/2020\/05\/ctyrluzkovy-apartman-2loznice-01.jpg&#8221; title_text=&#8221;ctyrluzkovy-apartman-2loznice-01&#8243; show_in_lightbox=&#8221;on&#8221; align=&#8221;center&#8221; disabled_on=&#8221;on|on|off&#8221; module_class=&#8221;obrazek-s-ramem&#8221; _builder_version=&#8221;4.4.5&#8243;][\/et_pb_image][\/et_pb_column][et_pb_column type=&#8221;1_3&#8243; _builder_version=&#8221;4.4.5&#8243;][et_pb_text _builder_version=&#8221;4.4.5&#8243; text_font_size=&#8221;30px&#8221; text_line_height=&#8221;1.2em&#8221;]<\/p>\n<p><strong>Four-bedded room<\/strong><br \/> <strong> or apartment<br \/><\/strong><\/p>\n<p>[\/et_pb_text][et_pb_text _builder_version=&#8221;4.4.5&#8243;]<\/p>\n<p>Ideal for family. Two bedrooms apartment avaiable.<\/p>\n<p>[\/et_pb_text][et_pb_button button_url=&#8221;@ET-DC@eyJkeW5hbWljIjp0cnVlLCJjb250ZW50IjoicG9zdF9saW5rX3VybF9wYWdlIiwic2V0dGluZ3MiOnsicG9zdF9pZCI6Ijc4MSJ9fQ==@&#8221; button_text=&#8221;Detail&#8221; _builder_version=&#8221;4.4.5&#8243; _dynamic_attributes=&#8221;button_url&#8221;][\/et_pb_button][\/et_pb_column][\/et_pb_row][\/et_pb_section][et_pb_section fb_built=&#8221;1&#8243; admin_label=&#8221;P\u011btil\u016f\u017ekov\u00fd pokoj&#8221; _builder_version=&#8221;4.4.5&#8243; custom_padding=&#8221;||0px|||&#8221; collapsed=&#8221;off&#8221;][et_pb_row column_structure=&#8221;1_3,1_3,1_3&#8243; _builder_version=&#8221;4.4.5&#8243;][et_pb_column type=&#8221;1_3&#8243; _builder_version=&#8221;4.4.5&#8243;][et_pb_text _builder_version=&#8221;4.4.5&#8243; text_font_size=&#8221;30px&#8221; text_line_height=&#8221;1.2em&#8221; hover_enabled=&#8221;0&#8243;]<\/p>\n<p><strong>Five-bedded <\/strong><strong>apartment<\/strong><\/p>\n<p>[\/et_pb_text][et_pb_text _builder_version=&#8221;4.4.5&#8243;]<\/p>\n<p>Ideal for bigger family. Two bedrooms apartment available.<\/p>\n<p>[\/et_pb_text][et_pb_button button_url=&#8221;@ET-DC@eyJkeW5hbWljIjp0cnVlLCJjb250ZW50IjoicG9zdF9saW5rX3VybF9wYWdlIiwic2V0dGluZ3MiOnsicG9zdF9pZCI6Ijc5NCJ9fQ==@&#8221; button_text=&#8221;Detail&#8221; _builder_version=&#8221;4.4.5&#8243; _dynamic_attributes=&#8221;button_url&#8221;][\/et_pb_button][\/et_pb_column][et_pb_column type=&#8221;1_3&#8243; _builder_version=&#8221;4.4.5&#8243;][et_pb_image src=&#8221;http:\/\/www.penzion-lesni.cz\/wp-content\/uploads\/2020\/05\/petiluzkovy-apartman-2loznice-01.jpg&#8221; title_text=&#8221;petiluzkovy-apartman-2loznice-01&#8243; show_in_lightbox=&#8221;on&#8221; module_class=&#8221;obrazek-s-ramem&#8221; _builder_version=&#8221;4.4.5&#8243;][\/et_pb_image][\/et_pb_column][et_pb_column type=&#8221;1_3&#8243; _builder_version=&#8221;4.4.5&#8243;][et_pb_image src=&#8221;http:\/\/www.penzion-lesni.cz\/wp-content\/uploads\/2020\/05\/petiluzkovy-apartman-2loznice-05.jpg&#8221; title_text=&#8221;petiluzkovy-apartman-2loznice-05&#8243; show_in_lightbox=&#8221;on&#8221; align=&#8221;center&#8221; disabled_on=&#8221;on|on|off&#8221; module_class=&#8221;obrazek-s-ramem&#8221; _builder_version=&#8221;4.4.5&#8243;][\/et_pb_image][\/et_pb_column][\/et_pb_row][\/et_pb_section][et_pb_section fb_built=&#8221;1&#8243; prev_background_color=&#8221;#ffffff&#8221; admin_label=&#8221;\u0160estil\u016f\u017ekov\u00fd pokoj&#8221; _builder_version=&#8221;4.4.5&#8243; background_color=&#8221;#F0F0F0&#8243; use_background_color_gradient=&#8221;on&#8221; background_color_gradient_start=&#8221;#F0F0F0&#8243; background_color_gradient_end=&#8221;#ffffff&#8221; custom_padding=&#8221;128px|||||&#8221; top_divider_style=&#8221;ramp&#8221; top_divider_flip=&#8221;horizontal&#8221; collapsed=&#8221;off&#8221;][et_pb_row column_structure=&#8221;1_3,1_3,1_3&#8243; _builder_version=&#8221;4.4.5&#8243;][et_pb_column type=&#8221;1_3&#8243; _builder_version=&#8221;4.4.5&#8243;][et_pb_image src=&#8221;http:\/\/www.penzion-lesni.cz\/wp-content\/uploads\/2020\/05\/sestiluzkovy-apartman-02.jpg&#8221; title_text=&#8221;sestiluzkovy-apartman-02&#8243; show_in_lightbox=&#8221;on&#8221; module_class=&#8221;obrazek-s-ramem&#8221; _builder_version=&#8221;4.4.5&#8243;][\/et_pb_image][\/et_pb_column][et_pb_column type=&#8221;1_3&#8243; _builder_version=&#8221;4.4.5&#8243;][et_pb_image src=&#8221;http:\/\/www.penzion-lesni.cz\/wp-content\/uploads\/2020\/05\/sestiluzkovy-apartman-01.jpg&#8221; title_text=&#8221;sestiluzkovy-apartman-01&#8243; show_in_lightbox=&#8221;on&#8221; align=&#8221;center&#8221; disabled_on=&#8221;on|on|off&#8221; module_class=&#8221;obrazek-s-ramem&#8221; _builder_version=&#8221;4.4.5&#8243;][\/et_pb_image][\/et_pb_column][et_pb_column type=&#8221;1_3&#8243; _builder_version=&#8221;4.4.5&#8243;][et_pb_text _builder_version=&#8221;4.4.5&#8243; text_font_size=&#8221;30px&#8221; text_line_height=&#8221;1.2em&#8221;]<\/p>\n<p><strong>Six-bedded apartment<\/strong><\/p>\n<p>[\/et_pb_text][et_pb_text _builder_version=&#8221;4.4.5&#8243;]<\/p>\n<p>Ideal for big family or group of people.<\/p>\n<p>[\/et_pb_text][et_pb_button button_url=&#8221;@ET-DC@eyJkeW5hbWljIjp0cnVlLCJjb250ZW50IjoicG9zdF9saW5rX3VybF9wYWdlIiwic2V0dGluZ3MiOnsicG9zdF9pZCI6IjgwMCJ9fQ==@&#8221; button_text=&#8221;Detail&#8221; _builder_version=&#8221;4.4.5&#8243; _dynamic_attributes=&#8221;button_url&#8221;][\/et_pb_button][\/et_pb_column][\/et_pb_row][\/et_pb_section]<\/p>\n","protected":false},"excerpt":{"rendered":"<p>Rooms Which do you want to prepare? BookingSingle roomIdeal for individuals.Double room or apartmentIdeal for couples.Three-bedded room or apartmentIdeal for family with child. Four-bedded room or apartmentIdeal for family. Two bedrooms apartment avaiable.Five-bedded apartment Ideal for bigger family. Two bedrooms apartment available.Six-bedded apartmentIdeal for big family or group of people.<\/p>\n","protected":false},"author":1,"featured_media":0,"parent":0,"menu_order":0,"comment_status":"closed","ping_status":"closed","template":"","meta":{"_acf_changed":false,"_et_pb_use_builder":"on","_et_pb_old_content":"<p>\u00a0<\/p>\r\n<!-- wp:divi\/placeholder \/-->","_et_gb_content_width":"","inline_featured_image":false,"footnotes":""},"class_list":["post-1066","page","type-page","status-publish","hentry"],"acf":[],"_links":{"self":[{"href":"https:\/\/www.penzion-lesni.cz\/en\/wp-json\/wp\/v2\/pages\/1066","targetHints":{"allow":["GET"]}}],"collection":[{"href":"https:\/\/www.penzion-lesni.cz\/en\/wp-json\/wp\/v2\/pages"}],"about":[{"href":"https:\/\/www.penzion-lesni.cz\/en\/wp-json\/wp\/v2\/types\/page"}],"author":[{"embeddable":true,"href":"https:\/\/www.penzion-lesni.cz\/en\/wp-json\/wp\/v2\/users\/1"}],"replies":[{"embeddable":true,"href":"https:\/\/www.penzion-lesni.cz\/en\/wp-json\/wp\/v2\/comments?post=1066"}],"version-history":[{"count":0,"href":"https:\/\/www.penzion-lesni.cz\/en\/wp-json\/wp\/v2\/pages\/1066\/revisions"}],"wp:attachment":[{"href":"https:\/\/www.penzion-lesni.cz\/en\/wp-json\/wp\/v2\/media?parent=1066"}],"curies":[{"name":"wp","href":"https:\/\/api.w.org\/{rel}","templated":true}]}}